{"id":45,"date":"2025-01-17T23:35:46","date_gmt":"2025-01-17T23:35:46","guid":{"rendered":"https:\/\/valfleuridental.com\/?page_id=45"},"modified":"2025-01-27T00:46:31","modified_gmt":"2025-01-27T00:46:31","slug":"accueil","status":"publish","type":"page","link":"https:\/\/valfleuridental.com\/","title":{"rendered":"ACCUEIL"},"content":{"rendered":"\t\t<div data-elementor-type=\"wp-page\" data-elementor-id=\"45\" class=\"elementor elementor-45\" data-elementor-post-type=\"page\">\n\t\t\t\t<div class=\"elementor-element elementor-element-3d4bf4a e-flex e-con-boxed e-con e-parent\" data-id=\"3d4bf4a\" data-element_type=\"container\" data-settings=\"{&quot;background_background&quot;:&quot;slideshow&quot;,&quot;background_slideshow_gallery&quot;:[{&quot;id&quot;:52,&quot;url&quot;:&quot;https:\\\/\\\/valfleuridental.com\\\/wp-content\\\/uploads\\\/2025\\\/01\\\/image001-scaled-1.jpg&quot;}],&quot;background_slideshow_loop&quot;:&quot;yes&quot;,&quot;background_slideshow_slide_duration&quot;:5000,&quot;background_slideshow_slide_transition&quot;:&quot;fade&quot;,&quot;background_slideshow_transition_duration&quot;:500}\">\n\t\t\t\t\t<div class=\"e-con-inner\">\n\t\t\t\t<div class=\"elementor-element elementor-element-686422a elementor-widget elementor-widget-heading\" data-id=\"686422a\" data-element_type=\"widget\" data-widget_type=\"heading.default\">\n\t\t\t\t<div class=\"elementor-widget-container\">\n\t\t\t\t\t<h2 class=\"elementor-heading-title elementor-size-default\">Tout ce que vous avez  \n\t\t\t\t\t\t\t<\/h2>\t\t\t\t<\/div>\n\t\t\t\t<\/div>\n\t\t\t\t<div class=\"elementor-element elementor-element-1595503 elementor-widget elementor-widget-heading\" data-id=\"1595503\" data-element_type=\"widget\" data-widget_type=\"heading.default\">\n\t\t\t\t<div class=\"elementor-widget-container\">\n\t\t\t\t\t<h2 class=\"elementor-heading-title elementor-size-default\">toujours voulu savoir \n\t\t\t\t\t\t\t\t\t\t\t\t\t\t<\/h2>\t\t\t\t<\/div>\n\t\t\t\t<\/div>\n\t\t\t\t<div class=\"elementor-element elementor-element-5c5e85e elementor-widget elementor-widget-heading\" data-id=\"5c5e85e\" data-element_type=\"widget\" data-widget_type=\"heading.default\">\n\t\t\t\t<div class=\"elementor-widget-container\">\n\t\t\t\t\t<h2 class=\"elementor-heading-title elementor-size-default\">sur vos dents  <\/h2>\t\t\t\t<\/div>\n\t\t\t\t<\/div>\n\t\t<div class=\"elementor-element elementor-element-0e6fd1b e-grid e-con-full e-con e-child\" data-id=\"0e6fd1b\" data-element_type=\"container\">\n\t\t\t\t<div class=\"elementor-element elementor-element-6d0ff62 elementor-widget-mobile__width-initial elementor-widget elementor-widget-image\" data-id=\"6d0ff62\" data-element_type=\"widget\" data-widget_type=\"image.default\">\n\t\t\t\t<div class=\"elementor-widget-container\">\n\t\t\t\t\t\t\t\t\t\t\t\t\t\t\t<img decoding=\"async\" width=\"99\" height=\"92\" src=\"https:\/\/valfleuridental.com\/wp-content\/uploads\/2025\/01\/h3-custom-icon-1.png\" class=\"attachment-large size-large wp-image-56\" alt=\"\" \/>\t\t\t\t\t\t\t\t\t\t\t\t\t\t\t<\/div>\n\t\t\t\t<\/div>\n\t\t\t\t<div class=\"elementor-element elementor-element-b7785c6 elementor-widget-mobile__width-initial elementor-widget elementor-widget-image\" data-id=\"b7785c6\" data-element_type=\"widget\" data-widget_type=\"image.default\">\n\t\t\t\t<div class=\"elementor-widget-container\">\n\t\t\t\t\t\t\t\t\t\t\t\t\t\t\t<img decoding=\"async\" width=\"99\" height=\"92\" src=\"https:\/\/valfleuridental.com\/wp-content\/uploads\/2025\/01\/h3-custom-icon-3.png\" class=\"attachment-large size-large wp-image-55\" alt=\"\" \/>\t\t\t\t\t\t\t\t\t\t\t\t\t\t\t<\/div>\n\t\t\t\t<\/div>\n\t\t\t\t<div class=\"elementor-element elementor-element-24e14ff elementor-widget-mobile__width-initial elementor-widget elementor-widget-image\" data-id=\"24e14ff\" data-element_type=\"widget\" data-widget_type=\"image.default\">\n\t\t\t\t<div class=\"elementor-widget-container\">\n\t\t\t\t\t\t\t\t\t\t\t\t\t\t\t<img decoding=\"async\" width=\"99\" height=\"92\" src=\"https:\/\/valfleuridental.com\/wp-content\/uploads\/2025\/01\/h3-custom-icon-4.png\" class=\"attachment-large size-large wp-image-54\" alt=\"\" \/>\t\t\t\t\t\t\t\t\t\t\t\t\t\t\t<\/div>\n\t\t\t\t<\/div>\n\t\t\t\t<\/div>\n\t\t\t\t\t<\/div>\n\t\t\t\t<\/div>\n\t\t<div class=\"elementor-element elementor-element-d1ae954 e-flex e-con-boxed e-con e-parent\" data-id=\"d1ae954\" data-element_type=\"container\">\n\t\t\t\t\t<div class=\"e-con-inner\">\n\t\t<div class=\"elementor-element elementor-element-e461667 e-con-full elementor-hidden-tablet elementor-hidden-mobile e-flex e-con e-child\" data-id=\"e461667\" data-element_type=\"container\">\n\t\t\t\t<\/div>\n\t\t<div class=\"elementor-element elementor-element-cf0b121 e-con-full e-flex e-con e-child\" data-id=\"cf0b121\" data-element_type=\"container\">\n\t\t\t\t<div class=\"elementor-element elementor-element-3c6e1a8 elementor-widget elementor-widget-image\" data-id=\"3c6e1a8\" data-element_type=\"widget\" data-widget_type=\"image.default\">\n\t\t\t\t<div class=\"elementor-widget-container\">\n\t\t\t\t\t\t\t\t\t\t\t\t\t\t\t<img loading=\"lazy\" decoding=\"async\" width=\"800\" height=\"533\" src=\"https:\/\/valfleuridental.com\/wp-content\/uploads\/2025\/01\/iStock-1196021900-1024x682.jpg\" class=\"attachment-large size-large wp-image-60\" alt=\"\" srcset=\"https:\/\/valfleuridental.com\/wp-content\/uploads\/2025\/01\/iStock-1196021900-1024x682.jpg 1024w, https:\/\/valfleuridental.com\/wp-content\/uploads\/2025\/01\/iStock-1196021900-300x200.jpg 300w, https:\/\/valfleuridental.com\/wp-content\/uploads\/2025\/01\/iStock-1196021900-768x512.jpg 768w, https:\/\/valfleuridental.com\/wp-content\/uploads\/2025\/01\/iStock-1196021900-1536x1023.jpg 1536w, https:\/\/valfleuridental.com\/wp-content\/uploads\/2025\/01\/iStock-1196021900.jpg 1600w\" sizes=\"(max-width: 800px) 100vw, 800px\" \/>\t\t\t\t\t\t\t\t\t\t\t\t\t\t\t<\/div>\n\t\t\t\t<\/div>\n\t\t\t\t<\/div>\n\t\t<div class=\"elementor-element elementor-element-bf35d67 e-con-full e-flex e-con e-child\" data-id=\"bf35d67\" data-element_type=\"container\">\n\t\t\t\t<div class=\"elementor-element elementor-element-826f40b elementor-widget elementor-widget-heading\" data-id=\"826f40b\" data-element_type=\"widget\" data-widget_type=\"heading.default\">\n\t\t\t\t<div class=\"elementor-widget-container\">\n\t\t\t\t\t<h2 class=\"elementor-heading-title elementor-size-default\">LE CABINET\n<\/h2>\t\t\t\t<\/div>\n\t\t\t\t<\/div>\n\t\t\t\t<div class=\"elementor-element elementor-element-d56ddf0 elementor-widget elementor-widget-heading\" data-id=\"d56ddf0\" data-element_type=\"widget\" data-widget_type=\"heading.default\">\n\t\t\t\t<div class=\"elementor-widget-container\">\n\t\t\t\t\t<h2 class=\"elementor-heading-title elementor-size-default\">Nos dentistes sont \u00e0 votre disposition pour tout type d\u2019op\u00e9ration et vous assure un espace pour privil\u00e9gier votre bien \u00eatre et votre s\u00e9curit\u00e9.<\/h2>\t\t\t\t<\/div>\n\t\t\t\t<\/div>\n\t\t\t\t<div class=\"elementor-element elementor-element-451b39d elementor-mobile-align-center elementor-widget elementor-widget-button\" data-id=\"451b39d\" data-element_type=\"widget\" data-widget_type=\"button.default\">\n\t\t\t\t<div class=\"elementor-widget-container\">\n\t\t\t\t\t\t\t\t\t<div class=\"elementor-button-wrapper\">\n\t\t\t\t\t<a class=\"elementor-button elementor-button-link elementor-size-sm\" href=\"https:\/\/valfleuridental.com\/index.php\/le-cabinet\/\">\n\t\t\t\t\t\t<span class=\"elementor-button-content-wrapper\">\n\t\t\t\t\t\t<span class=\"elementor-button-icon\">\n\t\t\t\t<svg aria-hidden=\"true\" class=\"e-font-icon-svg e-fas-angle-double-right\" viewBox=\"0 0 448 512\" xmlns=\"http:\/\/www.w3.org\/2000\/svg\"><path d=\"M224.3 273l-136 136c-9.4 9.4-24.6 9.4-33.9 0l-22.6-22.6c-9.4-9.4-9.4-24.6 0-33.9l96.4-96.4-96.4-96.4c-9.4-9.4-9.4-24.6 0-33.9L54.3 103c9.4-9.4 24.6-9.4 33.9 0l136 136c9.5 9.4 9.5 24.6.1 34zm192-34l-136-136c-9.4-9.4-24.6-9.4-33.9 0l-22.6 22.6c-9.4 9.4-9.4 24.6 0 33.9l96.4 96.4-96.4 96.4c-9.4 9.4-9.4 24.6 0 33.9l22.6 22.6c9.4 9.4 24.6 9.4 33.9 0l136-136c9.4-9.2 9.4-24.4 0-33.8z\"><\/path><\/svg>\t\t\t<\/span>\n\t\t\t\t\t\t\t\t\t<span class=\"elementor-button-text\">En savoir plus<\/span>\n\t\t\t\t\t<\/span>\n\t\t\t\t\t<\/a>\n\t\t\t\t<\/div>\n\t\t\t\t\t\t\t\t<\/div>\n\t\t\t\t<\/div>\n\t\t\t\t<\/div>\n\t\t<div class=\"elementor-element elementor-element-8526c1a e-con-full e-flex e-con e-child\" data-id=\"8526c1a\" data-element_type=\"container\">\n\t\t\t\t<\/div>\n\t\t\t\t\t<\/div>\n\t\t\t\t<\/div>\n\t\t<div class=\"elementor-element elementor-element-978a214 e-flex e-con-boxed e-con e-parent\" data-id=\"978a214\" data-element_type=\"container\">\n\t\t\t\t\t<div class=\"e-con-inner\">\n\t\t<div class=\"elementor-element elementor-element-aa43b99 e-con-full e-flex e-con e-child\" data-id=\"aa43b99\" data-element_type=\"container\">\n\t\t\t\t<div class=\"elementor-element elementor-element-f918678 elementor-widget elementor-widget-image\" data-id=\"f918678\" data-element_type=\"widget\" data-widget_type=\"image.default\">\n\t\t\t\t<div class=\"elementor-widget-container\">\n\t\t\t\t\t\t\t\t\t\t\t\t\t\t\t<img loading=\"lazy\" decoding=\"async\" width=\"1000\" height=\"667\" src=\"https:\/\/valfleuridental.com\/wp-content\/uploads\/2025\/01\/Implant_dentaire_implantologie_Dentiste_Laval.jpg\" class=\"attachment-full size-full wp-image-264\" alt=\"\" srcset=\"https:\/\/valfleuridental.com\/wp-content\/uploads\/2025\/01\/Implant_dentaire_implantologie_Dentiste_Laval.jpg 1000w, https:\/\/valfleuridental.com\/wp-content\/uploads\/2025\/01\/Implant_dentaire_implantologie_Dentiste_Laval-300x200.jpg 300w, https:\/\/valfleuridental.com\/wp-content\/uploads\/2025\/01\/Implant_dentaire_implantologie_Dentiste_Laval-768x512.jpg 768w\" sizes=\"(max-width: 1000px) 100vw, 1000px\" \/>\t\t\t\t\t\t\t\t\t\t\t\t\t\t\t<\/div>\n\t\t\t\t<\/div>\n\t\t\t\t<div class=\"elementor-element elementor-element-aaf7234 elementor-widget elementor-widget-heading\" data-id=\"aaf7234\" data-element_type=\"widget\" data-widget_type=\"heading.default\">\n\t\t\t\t<div class=\"elementor-widget-container\">\n\t\t\t\t\t<h2 class=\"elementor-heading-title elementor-size-default\">IMPLANTOLOGIE<\/h2>\t\t\t\t<\/div>\n\t\t\t\t<\/div>\n\t\t\t\t<div class=\"elementor-element elementor-element-ca29061 elementor-widget elementor-widget-heading\" data-id=\"ca29061\" data-element_type=\"widget\" data-widget_type=\"heading.default\">\n\t\t\t\t<div class=\"elementor-widget-container\">\n\t\t\t\t\t<h2 class=\"elementor-heading-title elementor-size-default\">Retrouvez votre sourire avec nos implants dentaires modernes : durables, confortables et naturels.<br> Contactez-nous d\u00e8s aujourd'hui !<\/h2>\t\t\t\t<\/div>\n\t\t\t\t<\/div>\n\t\t\t\t<\/div>\n\t\t<div class=\"elementor-element elementor-element-7d4c44b e-con-full e-flex e-con e-child\" data-id=\"7d4c44b\" data-element_type=\"container\">\n\t\t\t\t<div class=\"elementor-element elementor-element-0d69308 elementor-widget elementor-widget-image\" data-id=\"0d69308\" data-element_type=\"widget\" data-widget_type=\"image.default\">\n\t\t\t\t<div class=\"elementor-widget-container\">\n\t\t\t\t\t\t\t\t\t\t\t\t\t\t\t<img loading=\"lazy\" decoding=\"async\" width=\"800\" height=\"534\" src=\"https:\/\/valfleuridental.com\/wp-content\/uploads\/2025\/01\/orthodontie-image-1024x683.jpg\" class=\"attachment-large size-large wp-image-259\" alt=\"\" srcset=\"https:\/\/valfleuridental.com\/wp-content\/uploads\/2025\/01\/orthodontie-image-1024x683.jpg 1024w, https:\/\/valfleuridental.com\/wp-content\/uploads\/2025\/01\/orthodontie-image-300x200.jpg 300w, https:\/\/valfleuridental.com\/wp-content\/uploads\/2025\/01\/orthodontie-image-768x512.jpg 768w, https:\/\/valfleuridental.com\/wp-content\/uploads\/2025\/01\/orthodontie-image-1536x1024.jpg 1536w, https:\/\/valfleuridental.com\/wp-content\/uploads\/2025\/01\/orthodontie-image.jpg 1620w\" sizes=\"(max-width: 800px) 100vw, 800px\" \/>\t\t\t\t\t\t\t\t\t\t\t\t\t\t\t<\/div>\n\t\t\t\t<\/div>\n\t\t\t\t<div class=\"elementor-element elementor-element-a44abba elementor-widget elementor-widget-heading\" data-id=\"a44abba\" data-element_type=\"widget\" data-widget_type=\"heading.default\">\n\t\t\t\t<div class=\"elementor-widget-container\">\n\t\t\t\t\t<h2 class=\"elementor-heading-title elementor-size-default\">ORTHODONTIE<\/h2>\t\t\t\t<\/div>\n\t\t\t\t<\/div>\n\t\t\t\t<div class=\"elementor-element elementor-element-1684837 elementor-widget elementor-widget-heading\" data-id=\"1684837\" data-element_type=\"widget\" data-widget_type=\"heading.default\">\n\t\t\t\t<div class=\"elementor-widget-container\">\n\t\t\t\t\t<h2 class=\"elementor-heading-title elementor-size-default\">Un sourire align\u00e9, c\u2019est possible gr\u00e2ce \u00e0 nos solutions<br> d\u2019orthodontie modernes. <br>Transformez votre sourire d\u00e8s aujourd\u2019hui !<\/h2>\t\t\t\t<\/div>\n\t\t\t\t<\/div>\n\t\t\t\t<\/div>\n\t\t<div class=\"elementor-element elementor-element-0692b0b e-con-full e-flex e-con e-child\" data-id=\"0692b0b\" data-element_type=\"container\">\n\t\t\t\t<div class=\"elementor-element elementor-element-78513c9 elementor-widget elementor-widget-image\" data-id=\"78513c9\" data-element_type=\"widget\" data-widget_type=\"image.default\">\n\t\t\t\t<div class=\"elementor-widget-container\">\n\t\t\t\t\t\t\t\t\t\t\t\t\t\t\t<img loading=\"lazy\" decoding=\"async\" width=\"800\" height=\"534\" src=\"https:\/\/valfleuridental.com\/wp-content\/uploads\/2025\/01\/pexels-andrea-piacquadio-3779694-scaled-e1675362603796-1024x683.jpg\" class=\"attachment-large size-large wp-image-260\" alt=\"\" srcset=\"https:\/\/valfleuridental.com\/wp-content\/uploads\/2025\/01\/pexels-andrea-piacquadio-3779694-scaled-e1675362603796-1024x683.jpg 1024w, https:\/\/valfleuridental.com\/wp-content\/uploads\/2025\/01\/pexels-andrea-piacquadio-3779694-scaled-e1675362603796-300x200.jpg 300w, https:\/\/valfleuridental.com\/wp-content\/uploads\/2025\/01\/pexels-andrea-piacquadio-3779694-scaled-e1675362603796-768x512.jpg 768w, https:\/\/valfleuridental.com\/wp-content\/uploads\/2025\/01\/pexels-andrea-piacquadio-3779694-scaled-e1675362603796.jpg 1500w\" sizes=\"(max-width: 800px) 100vw, 800px\" \/>\t\t\t\t\t\t\t\t\t\t\t\t\t\t\t<\/div>\n\t\t\t\t<\/div>\n\t\t\t\t<div class=\"elementor-element elementor-element-c499737 elementor-widget elementor-widget-heading\" data-id=\"c499737\" data-element_type=\"widget\" data-widget_type=\"heading.default\">\n\t\t\t\t<div class=\"elementor-widget-container\">\n\t\t\t\t\t<h2 class=\"elementor-heading-title elementor-size-default\">SOINS<\/h2>\t\t\t\t<\/div>\n\t\t\t\t<\/div>\n\t\t\t\t<div class=\"elementor-element elementor-element-64045bb elementor-widget elementor-widget-heading\" data-id=\"64045bb\" data-element_type=\"widget\" data-widget_type=\"heading.default\">\n\t\t\t\t<div class=\"elementor-widget-container\">\n\t\t\t\t\t<h2 class=\"elementor-heading-title elementor-size-default\">Offrez \u00e0 votre sourire les soins qu\u2019il m\u00e9rite avec nos traitements dentaires complets et personnalis\u00e9s. Pour une sant\u00e9 bucco-dentaire optimale, contactez-nous d\u00e8s aujourd\u2019hui !<\/h2>\t\t\t\t<\/div>\n\t\t\t\t<\/div>\n\t\t\t\t<\/div>\n\t\t\t\t\t<\/div>\n\t\t\t\t<\/div>\n\t\t<div class=\"elementor-element elementor-element-fe7dd22 e-flex e-con-boxed e-con e-parent\" data-id=\"fe7dd22\" data-element_type=\"container\">\n\t\t\t\t\t<div class=\"e-con-inner\">\n\t\t<div class=\"elementor-element elementor-element-1c8a79b e-con-full e-flex e-con e-child\" data-id=\"1c8a79b\" data-element_type=\"container\">\n\t\t\t\t<div class=\"elementor-element elementor-element-82d85ec elementor-widget elementor-widget-image\" data-id=\"82d85ec\" data-element_type=\"widget\" data-widget_type=\"image.default\">\n\t\t\t\t<div class=\"elementor-widget-container\">\n\t\t\t\t\t\t\t\t\t\t\t\t\t\t\t<img loading=\"lazy\" decoding=\"async\" width=\"800\" height=\"572\" src=\"https:\/\/valfleuridental.com\/wp-content\/uploads\/2025\/01\/blanchiment-dentaire-contre-indications-1200x858-1-1024x732.webp\" class=\"attachment-large size-large wp-image-261\" alt=\"\" srcset=\"https:\/\/valfleuridental.com\/wp-content\/uploads\/2025\/01\/blanchiment-dentaire-contre-indications-1200x858-1-1024x732.webp 1024w, https:\/\/valfleuridental.com\/wp-content\/uploads\/2025\/01\/blanchiment-dentaire-contre-indications-1200x858-1-300x215.webp 300w, https:\/\/valfleuridental.com\/wp-content\/uploads\/2025\/01\/blanchiment-dentaire-contre-indications-1200x858-1-768x549.webp 768w, https:\/\/valfleuridental.com\/wp-content\/uploads\/2025\/01\/blanchiment-dentaire-contre-indications-1200x858-1.webp 1200w\" sizes=\"(max-width: 800px) 100vw, 800px\" \/>\t\t\t\t\t\t\t\t\t\t\t\t\t\t\t<\/div>\n\t\t\t\t<\/div>\n\t\t\t\t<div class=\"elementor-element elementor-element-1c973f0 elementor-widget elementor-widget-heading\" data-id=\"1c973f0\" data-element_type=\"widget\" data-widget_type=\"heading.default\">\n\t\t\t\t<div class=\"elementor-widget-container\">\n\t\t\t\t\t<h2 class=\"elementor-heading-title elementor-size-default\">BLANCHIMENT<\/h2>\t\t\t\t<\/div>\n\t\t\t\t<\/div>\n\t\t\t\t<div class=\"elementor-element elementor-element-1aafe30 elementor-widget elementor-widget-heading\" data-id=\"1aafe30\" data-element_type=\"widget\" data-widget_type=\"heading.default\">\n\t\t\t\t<div class=\"elementor-widget-container\">\n\t\t\t\t\t<h2 class=\"elementor-heading-title elementor-size-default\">Redonnez \u00e9clat et brillance \u00e0 votre sourire avec notre traitement de blanchiment dentaire professionnel. Un sourire plus lumineux vous attend, r\u00e9servez votre s\u00e9ance d\u00e8s aujourd\u2019hui !<\/h2>\t\t\t\t<\/div>\n\t\t\t\t<\/div>\n\t\t\t\t<\/div>\n\t\t<div class=\"elementor-element elementor-element-fcec438 e-con-full e-flex e-con e-child\" data-id=\"fcec438\" data-element_type=\"container\">\n\t\t\t\t<div class=\"elementor-element elementor-element-7a697f4 elementor-widget elementor-widget-image\" data-id=\"7a697f4\" data-element_type=\"widget\" data-widget_type=\"image.default\">\n\t\t\t\t<div class=\"elementor-widget-container\">\n\t\t\t\t\t\t\t\t\t\t\t\t\t\t\t<img loading=\"lazy\" decoding=\"async\" width=\"800\" height=\"480\" src=\"https:\/\/valfleuridental.com\/wp-content\/uploads\/2025\/01\/facettes-dentaires-1.jpg.webp\" class=\"attachment-large size-large wp-image-262\" alt=\"\" srcset=\"https:\/\/valfleuridental.com\/wp-content\/uploads\/2025\/01\/facettes-dentaires-1.jpg.webp 1000w, https:\/\/valfleuridental.com\/wp-content\/uploads\/2025\/01\/facettes-dentaires-1.jpg-300x180.webp 300w, https:\/\/valfleuridental.com\/wp-content\/uploads\/2025\/01\/facettes-dentaires-1.jpg-768x461.webp 768w\" sizes=\"(max-width: 800px) 100vw, 800px\" \/>\t\t\t\t\t\t\t\t\t\t\t\t\t\t\t<\/div>\n\t\t\t\t<\/div>\n\t\t\t\t<div class=\"elementor-element elementor-element-a3b4984 elementor-widget elementor-widget-heading\" data-id=\"a3b4984\" data-element_type=\"widget\" data-widget_type=\"heading.default\">\n\t\t\t\t<div class=\"elementor-widget-container\">\n\t\t\t\t\t<h2 class=\"elementor-heading-title elementor-size-default\">ESTHETIQUE DENTAIRE<\/h2>\t\t\t\t<\/div>\n\t\t\t\t<\/div>\n\t\t\t\t<div class=\"elementor-element elementor-element-1c63a18 elementor-widget elementor-widget-heading\" data-id=\"1c63a18\" data-element_type=\"widget\" data-widget_type=\"heading.default\">\n\t\t\t\t<div class=\"elementor-widget-container\">\n\t\t\t\t\t<h2 class=\"elementor-heading-title elementor-size-default\">Transformez votre sourire avec nos solutions d\u2019esth\u00e9tique dentaire personnalis\u00e9es. Pour des dents harmonieuses et un sourire \u00e9clatant, prenez rendez-vous d\u00e8s aujourd\u2019hui !<\/h2>\t\t\t\t<\/div>\n\t\t\t\t<\/div>\n\t\t\t\t<\/div>\n\t\t\t\t\t<\/div>\n\t\t\t\t<\/div>\n\t\t<div class=\"elementor-element elementor-element-d935b13 e-con-full e-flex e-con e-parent\" data-id=\"d935b13\" data-element_type=\"container\">\n\t\t\t\t<div class=\"elementor-element elementor-element-9158689 elementor-widget elementor-widget-google_maps\" data-id=\"9158689\" data-element_type=\"widget\" data-widget_type=\"google_maps.default\">\n\t\t\t\t<div class=\"elementor-widget-container\">\n\t\t\t\t\t\t\t<div class=\"elementor-custom-embed\">\n\t\t\t<iframe loading=\"lazy\"\n\t\t\t\t\tsrc=\"https:\/\/maps.google.com\/maps?q=35.77040347556285%2C%20-5.827880856597198&#038;t=m&#038;z=19&#038;output=embed&#038;iwloc=near\"\n\t\t\t\t\ttitle=\"35.77040347556285, -5.827880856597198\"\n\t\t\t\t\taria-label=\"35.77040347556285, -5.827880856597198\"\n\t\t\t><\/iframe>\n\t\t<\/div>\n\t\t\t\t\t\t<\/div>\n\t\t\t\t<\/div>\n\t\t\t\t<\/div>\n\t\t\t\t<\/div>\n\t\t","protected":false},"excerpt":{"rendered":"<p>Tout ce que vous avez toujours voulu savoir sur vos dents LE CABINET Nos dentistes sont \u00e0 votre disposition pour tout type d\u2019op\u00e9ration et vous assure un espace pour privil\u00e9gier votre bien \u00eatre et votre s\u00e9curit\u00e9. En savoir plus IMPLANTOLOGIE Retrouvez votre sourire avec nos implants dentaires modernes : durables, confortables et naturels. Contactez-nous d\u00e8s [&hellip;]<\/p>\n","protected":false},"author":1,"featured_media":0,"parent":0,"menu_order":0,"comment_status":"closed","ping_status":"closed","template":"","meta":{"footnotes":""},"class_list":["post-45","page","type-page","status-publish","hentry"],"_links":{"self":[{"href":"https:\/\/valfleuridental.com\/index.php\/wp-json\/wp\/v2\/pages\/45","targetHints":{"allow":["GET"]}}],"collection":[{"href":"https:\/\/valfleuridental.com\/index.php\/wp-json\/wp\/v2\/pages"}],"about":[{"href":"https:\/\/valfleuridental.com\/index.php\/wp-json\/wp\/v2\/types\/page"}],"author":[{"embeddable":true,"href":"https:\/\/valfleuridental.com\/index.php\/wp-json\/wp\/v2\/users\/1"}],"replies":[{"embeddable":true,"href":"https:\/\/valfleuridental.com\/index.php\/wp-json\/wp\/v2\/comments?post=45"}],"version-history":[{"count":31,"href":"https:\/\/valfleuridental.com\/index.php\/wp-json\/wp\/v2\/pages\/45\/revisions"}],"predecessor-version":[{"id":306,"href":"https:\/\/valfleuridental.com\/index.php\/wp-json\/wp\/v2\/pages\/45\/revisions\/306"}],"wp:attachment":[{"href":"https:\/\/valfleuridental.com\/index.php\/wp-json\/wp\/v2\/media?parent=45"}],"curies":[{"name":"wp","href":"https:\/\/api.w.org\/{rel}","templated":true}]}}